{"id":3736,"date":"2021-05-30T19:53:19","date_gmt":"2021-05-30T19:53:19","guid":{"rendered":"https:\/\/dcloots.in\/?product=lakme-absolute-plump-and-shine-lip-gloss-plum-shine-3ml"},"modified":"2023-04-11T05:32:55","modified_gmt":"2023-04-11T05:32:55","slug":"lakme-absolute-plump-and-shine-lip-gloss-plum-shine-3ml","status":"publish","type":"product","link":"https:\/\/dcloots.in\/?product=lakme-absolute-plump-and-shine-lip-gloss-plum-shine-3ml","title":{"rendered":"Lakme Absolute Plump &amp; Shine Lip Gloss, Plum Shine, 3 ml"},"content":{"rendered":"<div class=\"disclaim\">Color:<strong>Plum Shine<\/strong><\/div>\n<p><!-- show up to 2 reviews by default --><\/p>\n<p>For a woman so stunning, the Lakm\u00e9 Absolute Plump &amp; Shine Lip Gloss is an ideal choice. It&#8217;s a lip gloss with a luscious sheen and has been dermatologically tested to give you a smooth gliding consistency that is very light on the lips. It has the revolutionary property of 3D gloss and the shades will give you a glossy shimmer and enhance your beauty. Lakm\u00e9 is India\u2019s leading cosmetics brand offering a wide range of high-end, world-class color cosmetics and skincare products. Lakm\u00e9 has a vast product range specially crafted by experts for the Indian skin. The brand Lakm\u00e9 has also been redefining fashion in India for over 15 years with Lakm\u00e9 Fashion Week, India\u2019s premier fashion event. The Lakm\u00e9 Absolute Plump &amp; Shine lip gloss is a lip gloss format that has a smooth gliding consistency that gives your lips the moist pink shine that&#8217;s healthy looking and pretty! The Lakm\u00e9 Absolute Plump &amp; Shine range is very light on the lips and extremely easy to apply with the stroke of the applicator. Add a moisturizing glossy shimmer to your lips and you&#8217;ll be ready to step out in an instant- get the Lakm\u00e9 Absolute Plump &amp; Shine lip gloss now!<\/p>\n<p>High-shine pigments<br \/>\nRevolutionary 3d gloss<br \/>\nDermatologically tested<br \/>\nSmooth Gliding consistency<br \/>\nGlossy Shen<br \/>\nAvailable in a range of trendy and glamorous shades<br \/>\n<\/p>\n","protected":false},"excerpt":{"rendered":"<p>High-shine pigments<br \/>\nRevolutionary 3d gloss<br \/>\nDermatologically tested<\/p>\n","protected":false},"featured_media":3737,"comment_status":"open","ping_status":"closed","template":"","meta":[],"product_cat":[34,2179,1027,650],"product_tag":[],"class_list":{"0":"post-3736","1":"product","2":"type-product","3":"status-publish","4":"has-post-thumbnail","6":"product_cat-beauty","7":"product_cat-lip-glosses","8":"product_cat-lips","9":"product_cat-make-up-and-nails","10":"align-center","11":"box-shadow-5","12":"box-shadow-5-hover","13":"ast-product-gallery-layout-horizontal","14":"ast-product-tabs-layout-horizontal","16":"first","17":"instock","18":"shipping-taxable","19":"product-type-external"},"yoast_head":"<!-- This site is optimized with the Yoast SEO plugin v21.3 - https:\/\/yoast.com\/wordpress\/plugins\/seo\/ -->\n<title>Lakme Absolute Plump &amp; Shine Lip Gloss, Plum Shine, 3 ml - dcloots.in<\/title>\n<meta name=\"robots\" content=\"index, follow, max-snippet:-1, max-image-preview:large, max-video-preview:-1\" \/>\n<link rel=\"canonical\" href=\"https:\/\/dcloots.in\/?product=lakme-absolute-plump-and-shine-lip-gloss-plum-shine-3ml\" \/>\n<meta property=\"og:locale\" content=\"en_US\" \/>\n<meta property=\"og:type\" content=\"article\" \/>\n<meta property=\"og:title\" content=\"Lakme Absolute Plump &amp; Shine Lip Gloss, Plum Shine, 3 ml - dcloots.in\" \/>\n<meta property=\"og:description\" content=\"High-shine pigments Revolutionary 3d gloss Dermatologically tested\" \/>\n<meta property=\"og:url\" content=\"https:\/\/dcloots.in\/?product=lakme-absolute-plump-and-shine-lip-gloss-plum-shine-3ml\" \/>\n<meta property=\"og:site_name\" content=\"dcloots.in\" \/>\n<meta property=\"article:modified_time\" content=\"2023-04-11T05:32:55+00:00\" \/>\n<meta property=\"og:image\" content=\"https:\/\/images-na.ssl-images-amazon.com\/images\/I\/41T5n8%2BIauL.jpg\" \/>\n\t<meta property=\"og:image:width\" content=\"500\" \/>\n\t<meta property=\"og:image:height\" content=\"500\" \/>\n\t<meta property=\"og:image:type\" content=\"image\/jpeg\" \/>\n<meta name=\"twitter:card\" content=\"summary_large_image\" \/>\n<meta name=\"twitter:label1\" content=\"Est. reading time\" \/>\n\t<meta name=\"twitter:data1\" content=\"1 minute\" \/>\n<script type=\"application\/ld+json\" class=\"yoast-schema-graph\">{\"@context\":\"https:\/\/schema.org\",\"@graph\":[{\"@type\":\"WebPage\",\"@id\":\"https:\/\/dcloots.in\/?product=lakme-absolute-plump-and-shine-lip-gloss-plum-shine-3ml\",\"url\":\"https:\/\/dcloots.in\/?product=lakme-absolute-plump-and-shine-lip-gloss-plum-shine-3ml\",\"name\":\"Lakme Absolute Plump &amp; Shine Lip Gloss, Plum Shine, 3 ml - dcloots.in\",\"isPartOf\":{\"@id\":\"https:\/\/dcloots.in\/#website\"},\"datePublished\":\"2021-05-30T19:53:19+00:00\",\"dateModified\":\"2023-04-11T05:32:55+00:00\",\"breadcrumb\":{\"@id\":\"https:\/\/dcloots.in\/?product=lakme-absolute-plump-and-shine-lip-gloss-plum-shine-3ml#breadcrumb\"},\"inLanguage\":\"en-US\",\"potentialAction\":[{\"@type\":\"ReadAction\",\"target\":[\"https:\/\/dcloots.in\/?product=lakme-absolute-plump-and-shine-lip-gloss-plum-shine-3ml\"]}]},{\"@type\":\"BreadcrumbList\",\"@id\":\"https:\/\/dcloots.in\/?product=lakme-absolute-plump-and-shine-lip-gloss-plum-shine-3ml#breadcrumb\",\"itemListElement\":[{\"@type\":\"ListItem\",\"position\":1,\"name\":\"Home\",\"item\":\"https:\/\/dcloots.in\/\"},{\"@type\":\"ListItem\",\"position\":2,\"name\":\"Homepage\",\"item\":\"https:\/\/dcloots.in\/\"},{\"@type\":\"ListItem\",\"position\":3,\"name\":\"Lakme Absolute Plump &amp; Shine Lip Gloss, Plum Shine, 3 ml\"}]},{\"@type\":\"WebSite\",\"@id\":\"https:\/\/dcloots.in\/#website\",\"url\":\"https:\/\/dcloots.in\/\",\"name\":\"dcloots.in\",\"description\":\"Best online shopping loot deals and offers\",\"publisher\":{\"@id\":\"https:\/\/dcloots.in\/#organization\"},\"potentialAction\":[{\"@type\":\"SearchAction\",\"target\":{\"@type\":\"EntryPoint\",\"urlTemplate\":\"https:\/\/dcloots.in\/?s={search_term_string}\"},\"query-input\":\"required name=search_term_string\"}],\"inLanguage\":\"en-US\"},{\"@type\":\"Organization\",\"@id\":\"https:\/\/dcloots.in\/#organization\",\"name\":\"dcloots\",\"url\":\"https:\/\/dcloots.in\/\",\"logo\":{\"@type\":\"ImageObject\",\"inLanguage\":\"en-US\",\"@id\":\"https:\/\/dcloots.in\/#\/schema\/logo\/image\/\",\"url\":\"https:\/\/dcloots.in\/wp-content\/uploads\/2021\/01\/cropped-cropped-DC-Loots.png\",\"contentUrl\":\"https:\/\/dcloots.in\/wp-content\/uploads\/2021\/01\/cropped-cropped-DC-Loots.png\",\"width\":428,\"height\":110,\"caption\":\"dcloots\"},\"image\":{\"@id\":\"https:\/\/dcloots.in\/#\/schema\/logo\/image\/\"}}]}<\/script>\n<!-- \/ Yoast SEO plugin. -->","yoast_head_json":{"title":"Lakme Absolute Plump &amp; Shine Lip Gloss, Plum Shine, 3 ml - dcloots.in","robots":{"index":"index","follow":"follow","max-snippet":"max-snippet:-1","max-image-preview":"max-image-preview:large","max-video-preview":"max-video-preview:-1"},"canonical":"https:\/\/dcloots.in\/?product=lakme-absolute-plump-and-shine-lip-gloss-plum-shine-3ml","og_locale":"en_US","og_type":"article","og_title":"Lakme Absolute Plump &amp; Shine Lip Gloss, Plum Shine, 3 ml - dcloots.in","og_description":"High-shine pigments Revolutionary 3d gloss Dermatologically tested","og_url":"https:\/\/dcloots.in\/?product=lakme-absolute-plump-and-shine-lip-gloss-plum-shine-3ml","og_site_name":"dcloots.in","article_modified_time":"2023-04-11T05:32:55+00:00","og_image":[{"width":500,"height":500,"url":"https:\/\/images-na.ssl-images-amazon.com\/images\/I\/41T5n8%2BIauL.jpg","type":"image\/jpeg"}],"twitter_card":"summary_large_image","twitter_misc":{"Est. reading time":"1 minute"},"schema":{"@context":"https:\/\/schema.org","@graph":[{"@type":"WebPage","@id":"https:\/\/dcloots.in\/?product=lakme-absolute-plump-and-shine-lip-gloss-plum-shine-3ml","url":"https:\/\/dcloots.in\/?product=lakme-absolute-plump-and-shine-lip-gloss-plum-shine-3ml","name":"Lakme Absolute Plump &amp; Shine Lip Gloss, Plum Shine, 3 ml - dcloots.in","isPartOf":{"@id":"https:\/\/dcloots.in\/#website"},"datePublished":"2021-05-30T19:53:19+00:00","dateModified":"2023-04-11T05:32:55+00:00","breadcrumb":{"@id":"https:\/\/dcloots.in\/?product=lakme-absolute-plump-and-shine-lip-gloss-plum-shine-3ml#breadcrumb"},"inLanguage":"en-US","potentialAction":[{"@type":"ReadAction","target":["https:\/\/dcloots.in\/?product=lakme-absolute-plump-and-shine-lip-gloss-plum-shine-3ml"]}]},{"@type":"BreadcrumbList","@id":"https:\/\/dcloots.in\/?product=lakme-absolute-plump-and-shine-lip-gloss-plum-shine-3ml#breadcrumb","itemListElement":[{"@type":"ListItem","position":1,"name":"Home","item":"https:\/\/dcloots.in\/"},{"@type":"ListItem","position":2,"name":"Homepage","item":"https:\/\/dcloots.in\/"},{"@type":"ListItem","position":3,"name":"Lakme Absolute Plump &amp; Shine Lip Gloss, Plum Shine, 3 ml"}]},{"@type":"WebSite","@id":"https:\/\/dcloots.in\/#website","url":"https:\/\/dcloots.in\/","name":"dcloots.in","description":"Best online shopping loot deals and offers","publisher":{"@id":"https:\/\/dcloots.in\/#organization"},"potentialAction":[{"@type":"SearchAction","target":{"@type":"EntryPoint","urlTemplate":"https:\/\/dcloots.in\/?s={search_term_string}"},"query-input":"required name=search_term_string"}],"inLanguage":"en-US"},{"@type":"Organization","@id":"https:\/\/dcloots.in\/#organization","name":"dcloots","url":"https:\/\/dcloots.in\/","logo":{"@type":"ImageObject","inLanguage":"en-US","@id":"https:\/\/dcloots.in\/#\/schema\/logo\/image\/","url":"https:\/\/dcloots.in\/wp-content\/uploads\/2021\/01\/cropped-cropped-DC-Loots.png","contentUrl":"https:\/\/dcloots.in\/wp-content\/uploads\/2021\/01\/cropped-cropped-DC-Loots.png","width":428,"height":110,"caption":"dcloots"},"image":{"@id":"https:\/\/dcloots.in\/#\/schema\/logo\/image\/"}}]}},"_links":{"self":[{"href":"https:\/\/dcloots.in\/index.php?rest_route=\/wp\/v2\/product\/3736","targetHints":{"allow":["GET"]}}],"collection":[{"href":"https:\/\/dcloots.in\/index.php?rest_route=\/wp\/v2\/product"}],"about":[{"href":"https:\/\/dcloots.in\/index.php?rest_route=\/wp\/v2\/types\/product"}],"replies":[{"embeddable":true,"href":"https:\/\/dcloots.in\/index.php?rest_route=%2Fwp%2Fv2%2Fcomments&post=3736"}],"wp:featuredmedia":[{"embeddable":true,"href":"https:\/\/dcloots.in\/index.php?rest_route=\/wp\/v2\/media\/3737"}],"wp:attachment":[{"href":"https:\/\/dcloots.in\/index.php?rest_route=%2Fwp%2Fv2%2Fmedia&parent=3736"}],"wp:term":[{"taxonomy":"product_cat","embeddable":true,"href":"https:\/\/dcloots.in\/index.php?rest_route=%2Fwp%2Fv2%2Fproduct_cat&post=3736"},{"taxonomy":"product_tag","embeddable":true,"href":"https:\/\/dcloots.in\/index.php?rest_route=%2Fwp%2Fv2%2Fproduct_tag&post=3736"}],"curies":[{"name":"wp","href":"https:\/\/api.w.org\/{rel}","templated":true}]}}